{"id":2,"date":"2013-03-22T12:25:08","date_gmt":"2013-03-22T11:25:08","guid":{"rendered":"http:\/\/146266.web01.swisscenter.com\/wordpress\/?page_id=2"},"modified":"2026-03-12T14:27:15","modified_gmt":"2026-03-12T13:27:15","slug":"page-d-exemple","status":"publish","type":"page","link":"https:\/\/www.liturgiciel.ch\/wordpress\/","title":{"rendered":""},"content":{"rendered":"\n<div class=\"wp-block-group\"><div class=\"wp-block-group__inner-container is-layout-flow wp-block-group-is-layout-flow\">\n<figure class=\"wp-block-image is-resized\"><img loading=\"lazy\" decoding=\"async\" width=\"1019\" height=\"665\" src=\"http:\/\/www.liturgiciel.ch\/wordpress\/wp-content\/uploads\/LiturgiCiel__FILEMAKER01_.jpg\" alt=\"\" class=\"wp-image-585 colorbox-2\" style=\"width:398px;height:259px\" srcset=\"https:\/\/www.liturgiciel.ch\/wordpress\/wp-content\/uploads\/LiturgiCiel__FILEMAKER01_.jpg 1019w, https:\/\/www.liturgiciel.ch\/wordpress\/wp-content\/uploads\/LiturgiCiel__FILEMAKER01_-300x196.jpg 300w, https:\/\/www.liturgiciel.ch\/wordpress\/wp-content\/uploads\/LiturgiCiel__FILEMAKER01_-768x501.jpg 768w, https:\/\/www.liturgiciel.ch\/wordpress\/wp-content\/uploads\/LiturgiCiel__FILEMAKER01_-624x407.jpg 624w\" sizes=\"auto, (max-width: 1019px) 100vw, 1019px\" \/><\/figure>\n\n\n\n<p>LiturgiCiel est un recueil de <strong>textes liturgiques et spirituels<\/strong> \u00e0 l&rsquo;usage des pasteurs, diacres, pr\u00e9dicateurs la\u00efques, et plus largement \u00e0 toute personne concern\u00e9e par la c\u00e9l\u00e9bration ou la spiritualit\u00e9<\/p>\n<p>LiturgiCiel est riche de bient\u00f4t 3&rsquo;000 textes, re\u00e7us officiellement en \u00c9glise, ou librement cr\u00e9\u00e9s par divers c\u00e9l\u00e9brants.<\/p>\n<p>Depuis la version 1.0 de 1997, LiturgiCiel a beaucoup \u00e9volu\u00e9. Bien qu&rsquo;ayant \u00e9t\u00e9 d\u00e9velopp\u00e9e avec succ\u00e8s, la version 3.0 n&rsquo;a pas \u00e9t\u00e9 soutenue par les Eglises r\u00e9form\u00e9es de Suisse romande.<\/p>\n<h2 style=\"text-align: center;\"><span style=\"color: #3366ff;\">L&rsquo;acc\u00e8s \u00e0 LiturgiCiel n&rsquo;est plus possible<br \/><\/span><\/h2>\n<p>&nbsp;<\/p>\n<\/div><\/div>\n\n\n\n<p><\/p>\n","protected":false},"excerpt":{"rendered":"<p>LiturgiCiel est un recueil de textes liturgiques et spirituels \u00e0 l&rsquo;usage des pasteurs, diacres, pr\u00e9dicateurs la\u00efques, et plus largement \u00e0 toute personne concern\u00e9e par la c\u00e9l\u00e9bration ou la spiritualit\u00e9 LiturgiCiel est riche de bient\u00f4t 3&rsquo;000 textes, re\u00e7us officiellement en \u00c9glise, ou librement cr\u00e9\u00e9s par divers c\u00e9l\u00e9brants. Depuis la version 1.0 de 1997, LiturgiCiel a beaucoup [&hellip;]<\/p>\n","protected":false},"author":1,"featured_media":0,"parent":0,"menu_order":0,"comment_status":"closed","ping_status":"closed","template":"page-templates\/front-page.php","meta":{"spay_email":"","footnotes":""},"class_list":["post-2","page","type-page","status-publish","hentry"],"jetpack_shortlink":"https:\/\/wp.me\/P3maRr-2","jetpack_sharing_enabled":true,"_links":{"self":[{"href":"https:\/\/www.liturgiciel.ch\/wordpress\/index.php?rest_route=\/wp\/v2\/pages\/2","targetHints":{"allow":["GET"]}}],"collection":[{"href":"https:\/\/www.liturgiciel.ch\/wordpress\/index.php?rest_route=\/wp\/v2\/pages"}],"about":[{"href":"https:\/\/www.liturgiciel.ch\/wordpress\/index.php?rest_route=\/wp\/v2\/types\/page"}],"author":[{"embeddable":true,"href":"https:\/\/www.liturgiciel.ch\/wordpress\/index.php?rest_route=\/wp\/v2\/users\/1"}],"replies":[{"embeddable":true,"href":"https:\/\/www.liturgiciel.ch\/wordpress\/index.php?rest_route=%2Fwp%2Fv2%2Fcomments&post=2"}],"version-history":[{"count":28,"href":"https:\/\/www.liturgiciel.ch\/wordpress\/index.php?rest_route=\/wp\/v2\/pages\/2\/revisions"}],"predecessor-version":[{"id":4772,"href":"https:\/\/www.liturgiciel.ch\/wordpress\/index.php?rest_route=\/wp\/v2\/pages\/2\/revisions\/4772"}],"wp:attachment":[{"href":"https:\/\/www.liturgiciel.ch\/wordpress\/index.php?rest_route=%2Fwp%2Fv2%2Fmedia&parent=2"}],"curies":[{"name":"wp","href":"https:\/\/api.w.org\/{rel}","templated":true}]}}