{"id":73,"date":"2013-03-27T21:30:39","date_gmt":"2013-03-27T20:30:39","guid":{"rendered":"http:\/\/146266.web01.swisscenter.com\/wordpress\/?page_id=73"},"modified":"2017-06-15T09:15:04","modified_gmt":"2017-06-15T08:15:04","slug":"faites-un-don","status":"publish","type":"page","link":"https:\/\/www.liturgiciel.ch\/wordpress\/?page_id=73","title":{"rendered":"Faire un don"},"content":{"rendered":"<p>Le LiturgiCiel est devenu un gratuiciel depuis avril 2013.<\/p>\n<p>Vous pouvez obtenir un code pour d\u00e9bloquer le logiciel en vous signalant via le <a title=\"Contact\" href=\"http:\/\/www.liturgiciel.ch\/wordpress\/?page_id=115\">formulaire de contact.<\/a><\/p>\n<p>N\u00e9anmoins ce programme a n\u00e9cessit\u00e9 de nombreuses heures de travail et l&rsquo;entretien d&rsquo;une communaut\u00e9 d&rsquo;utilisateurs g\u00e9n\u00e8re des co\u00fbts. Ainsi sommes-nous reconnaissants pour les dons que vous pourrez faire par le biais de Paypal, ou directement sur notre CCP (Suisse) avec les donn\u00e9es suivantes :<\/p>\n<p><strong>CCP<\/strong> : 10-2620-4<\/p>\n<p><strong>IBAN<\/strong> : CH1909000000100026204<\/p>\n<p><strong>Libell\u00e9<\/strong> : EERV, Ch. des C\u00e8dres 7, 1004 Lausanne.<\/p>\n<p><strong>Mention<\/strong> : \u00ab\u00a0LiturgiCiel\u00a0\u00bb<\/p>\n","protected":false},"excerpt":{"rendered":"<p>Le LiturgiCiel est devenu un gratuiciel depuis avril 2013. Vous pouvez obtenir un code pour d\u00e9bloquer le logiciel en vous signalant via le formulaire de contact. N\u00e9anmoins ce programme a n\u00e9cessit\u00e9 de nombreuses heures de travail et l&rsquo;entretien d&rsquo;une communaut\u00e9 d&rsquo;utilisateurs g\u00e9n\u00e8re des co\u00fbts. Ainsi sommes-nous reconnaissants pour les dons que vous pourrez faire par [&hellip;]<\/p>\n","protected":false},"author":1,"featured_media":0,"parent":0,"menu_order":0,"comment_status":"closed","ping_status":"open","template":"","meta":{"spay_email":"","footnotes":""},"class_list":["post-73","page","type-page","status-publish","hentry"],"jetpack_shortlink":"https:\/\/wp.me\/P3maRr-1b","jetpack_sharing_enabled":true,"_links":{"self":[{"href":"https:\/\/www.liturgiciel.ch\/wordpress\/index.php?rest_route=\/wp\/v2\/pages\/73","targetHints":{"allow":["GET"]}}],"collection":[{"href":"https:\/\/www.liturgiciel.ch\/wordpress\/index.php?rest_route=\/wp\/v2\/pages"}],"about":[{"href":"https:\/\/www.liturgiciel.ch\/wordpress\/index.php?rest_route=\/wp\/v2\/types\/page"}],"author":[{"embeddable":true,"href":"https:\/\/www.liturgiciel.ch\/wordpress\/index.php?rest_route=\/wp\/v2\/users\/1"}],"replies":[{"embeddable":true,"href":"https:\/\/www.liturgiciel.ch\/wordpress\/index.php?rest_route=%2Fwp%2Fv2%2Fcomments&post=73"}],"version-history":[{"count":6,"href":"https:\/\/www.liturgiciel.ch\/wordpress\/index.php?rest_route=\/wp\/v2\/pages\/73\/revisions"}],"predecessor-version":[{"id":286,"href":"https:\/\/www.liturgiciel.ch\/wordpress\/index.php?rest_route=\/wp\/v2\/pages\/73\/revisions\/286"}],"wp:attachment":[{"href":"https:\/\/www.liturgiciel.ch\/wordpress\/index.php?rest_route=%2Fwp%2Fv2%2Fmedia&parent=73"}],"curies":[{"name":"wp","href":"https:\/\/api.w.org\/{rel}","templated":true}]}}